{"id":89,"date":"2012-01-16T12:29:29","date_gmt":"2012-01-16T12:29:29","guid":{"rendered":"http:\/\/dev.polbodasrias.com\/?page_id=89"},"modified":"2015-07-07T09:22:18","modified_gmt":"2015-07-07T07:22:18","slug":"aviso-legal","status":"publish","type":"page","link":"https:\/\/www.trazamare.com\/gl\/aviso-legal\/","title":{"rendered":"Aviso legal"},"content":{"rendered":"<p><strong>CONDICI\u00d3NS XERAIS DE USO:<\/strong><\/p>\n<p><strong>DATOS IDENTIFICATIVOS<\/strong>: En cumprimento co deber de informaci\u00f3n recollido no artigo 10 da Lei 34\/2002, de 11 de xullo, de Servizos da Sociedade da Informaci\u00f3n e do Comercio Electr\u00f3nico, a continuaci\u00f3n refl\u00edctense os seguintes datos: A empresa titular deste &#8220;sitio web corporativo&#8221; \u00e9\u00a0Quadralia S.L., con domicilio en R\u00faa Tranv\u00eda, n\u00ba 1 &#8211; 1\u00ba- C, 36400, O Porri\u00f1o, Pontevedra, con n\u00famero de C.I.F: B-27742337, inscrita no Rexistro Mercantil de Pontevedra no tomo 3630, libro 3630, folio 170, folla PO-49619, inscrici\u00f3n 1\u00aa. Correo electr\u00f3nico de contacto\u00a0info[cambiar por arroba]quadralia.com<\/p>\n<p><strong>POL\u00cdTICA DE PROTECCI\u00d3N DE DATOS:<\/strong><br \/>\nNa s\u00faa calidade de USUARIO do sitio web www.trazamare.com , QUADRALIA, S.L. informalle da s\u00faa pol\u00edtica de protecci\u00f3n de datos de car\u00e1cter persoal para que libre e voluntariamente poida decidir facilitar a QUADRALIA, S.L. os datos persoais que lle podamos requerir para acceder aos distintos servizos y contidos ofrecidos no noso Portal Web. Os datos de car\u00e1cter persoal so se recoller\u00e1n para o seu tratamento cando sexan adecuados, pertinentes e non excesivos en relaci\u00f3n co \u00e1mbito e as finalidades para as que se obtiveran. Conforme ao disposto na Ley Org\u00e1nica 15\/1999, do 13 de decembro, sobre Datos de Car\u00e1cter Persoal (LOPD) inform\u00e1moslle:<\/p>\n<ol>\n<li>Identificaci\u00f3n de los Administradores de la Web: QUADRALIA, S.L., con domicilio en C\/Tranv\u00eda, 1 &#8211; 1\u00ba \u2013 O Porri\u00f1o &#8211; 36400 &#8211; Pontevedra, con n\u00famero de C.I.F: B27742337 e inscrita en el Registro Mercantil de Pontevedra en el tomo 3630, libro 3630, folio 170, hoja PO-49619, inscripci\u00f3n 1\u00aa. Para ponerse en contacto con nosotros puede hacerlo a trav\u00e9s de los siguientes medios:<\/li>\n<ol>\n<li>Correo electr\u00f3nico: info[cambiar por arroba]quadralia.com<\/li>\n<li>Tel\u00e9fono: +34.986134376<\/li>\n<\/ol>\n<li>A informaci\u00f3n obtida dos USUARIOS que visitan e interact\u00faan co sitio web ser\u00e1 rexistrada nun ficheiro automatizado propiedade de QUADRALIA, S.L. e inscrito no Rexistro Xeral da Axencia Espa\u00f1ola de Protecci\u00f3n de Datos.<\/li>\n<li>Das visitas recibidas na nosa p\u00e1xina Web, o noso servidor reco\u00f1ece autom\u00e1ticamente: a direcci\u00f3n IP, data e hora de entrada e sa\u00edda da web e os ficheiros descargados.<\/li>\n<li>A informaci\u00f3n que arquivamos red\u00facese a aqueles datos que o remitente nos proporciona voluntariamente a trav\u00e9s dos formularios da Intranet (so acceso clientes) estabrecidos a tal efecto, as\u00ed como a aqueles que poidan desprenderse da s\u00faa visita \u00e1 web.<\/li>\n<li>A informaci\u00f3n rexistrada \u00fasase coa finalidadw de realizar unha \u00f3ptima xesti\u00f3n comercial para cos nosos clientes, as\u00ed como a exprotaci\u00f3n estad\u00edstica dos usos e zonas m\u00e1is visitadas da Web.<\/li>\n<li>A cumprimentaci\u00f3n dos formularios (zona Intranet para clientes), env\u00edo de correos electr\u00f3nicos ou a utilizaci\u00f3n doutros mecanismos de comunicaci\u00f3n ofrecidos no sitio web, implican o consentemento expreso do USUARIO ao tratamento dos seus Datos de Car\u00e1cter Persoal por parte de QUADRALIA, S.L., coas finalidades expresadas no punto anterior.<\/li>\n<li>Se non quere recibir m\u00e1is correos electr\u00f3nicos de QUADRALIA, S.L., por favor f\u00e1ganolo saber a trav\u00e9s de calqueira das v\u00edas descritas no punto primeiro. Os USUARIOS poder\u00e1n exercitar os dereitos de acceso, rectificaci\u00f3n, cancelaci\u00f3n e oposici\u00f3n sobre os seus datos en:<\/li>\n<ol>\n<li>C\/Tranv\u00eda, 1 &#8211; 1\u00ba \u2013 O Porri\u00f1o &#8211; 36400 &#8211; Pontevedra<\/li>\n<\/ol>\n<li>QUADRALIA, S.L. adoptou os niveis de seguridade de protecci\u00f3n de datos legalmente requeridos e instalou todos os medios e medidas ao obxecto de evitar a sua perda, mal uso, alteraci\u00f3n e acceso non autorizado. Non obstante, o USUARIO debe ser consciente de que as medidas de seguridade en Internet no son inexpugnables. Consecuentemente, QUADRALIA, S.L. non garantiza que terceiros non autorizados, actuando ilex\u00edtimamente, non poidan ter co\u00f1ecemento da clase, condici\u00f3ns, caracter\u00edsticas e circunstancias do uso que os USUARIOS fagan da Web, en cuxo caso QUADRALIA, S.L. non se fai responsable.<\/li>\n<\/ol>\n<p><strong>USUARIOS<\/strong>: O acceso e\/ou uso do presente sitio web corporativo de &#8220;Quadralia S.L.&#8221; atrib\u00fae a condici\u00f3n de USUARIO, que acepta, desde o devandito acceso e\/ou uso, as Condici\u00f3ns Xerais de Uso aqu\u00ed reflectidas. As citadas Condici\u00f3ns ser\u00e1n de aplicaci\u00f3n independentemente das Condici\u00f3ns Xerais de Contrataci\u00f3n que no seu caso resulten de obrigado cumprimento.<\/p>\n<p><strong>USO DO PORTAL<\/strong>: O presente sitio web corporativo proporciona o acceso a informaci\u00f3n (en diante, &#8220;os contidos&#8221;) en Internet pertencente a &#8220;Quadralia S.L.&#8221; aos que o USUARIO pode ter acceso.<br \/>\nO USUARIO asume a responsabilidade do uso do PORTAL.<br \/>\nO USUARIO comprom\u00e9tese a facer un uso adecuado dos contidos e servizos que &#8220;Quadralia S.L.&#8221; ofrece a trav\u00e9s do seu sitio web corporativo e con car\u00e1cter enunciativo pero non limitativo, a non empregalos para (i) incorrer en actividades il\u00edcitas, ilegais ou contrarias \u00e1 boa fe e \u00e1 orde p\u00fablica; (ii) difundir contidos ou propaganda de car\u00e1cter racista, xen\u00f3fobo, pornogr\u00e1fico-ilegal, de apolox\u00eda do terrorismo ou atentatorio contra os dereitos humanos; (iii) provocar danos nos sistemas f\u00edsicos e l\u00f3xicos de &#8220;Quadralia S.L.&#8221;, dos seus provedores ou de terceiras persoas, introducir ou difundir na rede virus inform\u00e1ticos ou calquera outros sistemas f\u00edsicos ou l\u00f3xicos que sexan susceptibles de provocar os danos anteriormente mencionados; (iv) tentar acceder e, no seu caso, utilizar as contas de correo electr\u00f3nico doutros usuarios e modificar ou manipular as s\u00faas mensaxes.<\/p>\n<p><strong>PROPIEDADE INTELECTUAL E INDUSTRIAL<\/strong>: &#8220;Quadralia S.L.&#8221; por si ou como cesionaria, \u00e9 titular de todos os dereitos de propiedade intelectual e industrial do seu sitio web corporativo, as\u00ed como dos elementos contidos no mesmo (a t\u00edtulo enunciativo, imaxes, son, audio, v\u00eddeo, software ou textos; marcas ou logotipos, combinaci\u00f3ns de cores, estrutura e dese\u00f1o, selecci\u00f3n de materiais usados, programas de computador necesarios para o seu funcionamento, acceso e uso, etc&#8230;), titularidade de &#8220;Quadralia S.L.&#8221; ou ben dos seus licenciantes. Todos os dereitos reservados. En virtude do disposto nos artigos 8 e 32.1, par\u00e1grafo segundo, da Lei de Propiedade Intelectual, quedan expresamente prohibidas a reproduci\u00f3n, a distribuci\u00f3n e a comunicaci\u00f3n publica, inclu\u00edda a s\u00faa modalidade de posta a disposici\u00f3n, da totalidade ou parte dos contidos desta p\u00e1xina web, con fins comerciais, en calquera soporte e por calquera medio t\u00e9cnico, sen a autorizaci\u00f3n de &#8220;Quadralia S.L.&#8221;. O USUARIO comprom\u00e9tese a respectar os dereitos de Propiedade Intelectual e Industrial titularidade de &#8220;Quadralia S.L.&#8221;. Poder\u00e1 visualizar os elementos do sitio web corporativo e mesmo imprimilos, copialos e almacenalos no disco duro do seu computador ou en calquera outro soporte f\u00edsico a condici\u00f3n de que sexa, \u00fanica e exclusivamente, para o seu uso persoal e privado. O USUARIO deber\u00e1 absterse de suprimir, alterar, eludir ou manipular calquera dispositivo de protecci\u00f3n ou sistema de seguridade que estivese instalado nas p\u00e1xinas de &#8220;Quadralia S.L.&#8221;.<\/p>\n<p><strong>EXCLUSI\u00d3N DE GARANT\u00cdAS E RESPONSABILIDADE<\/strong>:\u00a0&#8220;Quadralia S.L.&#8221; non se fai responsable, en ning\u00fan caso, dos danos e prexu\u00edzos de calquera natureza que puidesen ocasionar, a t\u00edtulo enunciativo: erros ou omisi\u00f3ns nos contidos, falta de dispo\u00f1ibilidade do portal ou a transmisi\u00f3n de virus ou programas maliciosos ou lesivos nos contidos, a pesar de adoptar todas as medidas tecnol\u00f3xicas necesarias para evitalo.<\/p>\n<p><strong>MODIFICACI\u00d3NS:<\/strong> &#8220;Quadralia S.L.&#8221; res\u00e9rvase o dereito de efectuar sen previo aviso as modificaci\u00f3ns que considere oportunas no seu sitio web corporativo, podendo cambiar, suprimir ou engadir tanto os contidos e servizos que se presten a trav\u00e9s da mesma como a forma na que estes aparezan presentados ou localizados no seu sitio web corporativo.<\/p>\n<p><strong>EMPREGO DE COOKIES<\/strong>: &#8220;Quadralia S.L.&#8221; poder\u00e1 utilizar cookies para personalizar e facilitar ao m\u00e1ximo a navegaci\u00f3n do USUARIO polo seu sitio web corporativo. As cookies as\u00f3cianse unicamente a un USUARIO an\u00f3nimo e o seu computador e non proporcionan referencias que permitan deducir datos persoais do USUARIO. O USUARIO poder\u00e1 configurar o seu navegador para que notifique e rexeite a instalaci\u00f3n das cookies enviadas por &#8220;Quadralia S.L.&#8221;, sen que iso prexudique a posibilidade do USUARIO de acceder aos Contidos.<\/p>\n<p><strong>LIGAZ\u00d3NS<\/strong>: No caso de que no sitio web corporativo dispux\u00e9sense ligaz\u00f3ns ou hiperv\u00ednculos hac\u00eda outros sitios de Internet, &#8220;Quadralia S.L.&#8221; non exercer\u00e1 ning\u00fan tipo de control sobre os devanditos sitios e contidos.<br \/>\nEn ning\u00fan caso &#8220;Quadralia S.L.&#8221; asumir\u00e1 responsabilidade algunha polos contidos dalgunha ligaz\u00f3n pertencente a un sitio web alleo, nin garantir\u00e1 a dispo\u00f1ibilidade t\u00e9cnica, calidade, fiabilidade, exactitude, amplitude, veracidade, validez e constitucionalidade de calquera material ou informaci\u00f3n contida en ning\u00fan de devanditos hiperv\u00ednculos ou outros sitios de Internet.<br \/>\nIgualmente a inclusi\u00f3n destas conexi\u00f3ns externas non implicar\u00e1 ning\u00fan tipo de asociaci\u00f3n, fusi\u00f3n ou participaci\u00f3n coas entidades conectadas.<\/p>\n<p><strong>DEREITO DE EXCLUSI\u00d3N:\u00a0<\/strong>&#8220;Quadralia S.L.&#8221; res\u00e9rvase o dereito a denegar ou retirar o acceso ao seu sitio web corporativo e\/ou os servizos ofrecidos sen necesidade de preaviso, a instancia propia ou dun terceiro, a aqueles usuarios que incumpran as presentes Condici\u00f3ns Xerais de Uso.<\/p>\n<p><strong>XENERALIDADES:<\/strong>\u00a0&#8220;Quadralia S.L.&#8221; perseguir\u00e1 o incumprimento das presentes condici\u00f3ns as\u00ed como calquera utilizaci\u00f3n indebida do seu sitio web corporativo exercendo todas as acci\u00f3ns civ\u00eds e penais que lle poidan corresponder en dereito.<\/p>\n<p><strong>MODIFICACI\u00d3N DAS PRESENTES CONDICI\u00d3NS E DURACI\u00d3N:\u00a0<\/strong>&#8220;Quadralia S.L.&#8221; poder\u00e1 modificar en calquera momento as condici\u00f3ns aqu\u00ed determinadas, sendo debidamente publicadas como aqu\u00ed aparecen. A vixencia das citadas condici\u00f3ns ir\u00e1 en funci\u00f3n da s\u00faa exposici\u00f3n e estar\u00e1n vixentes ata que sexan modificadas por outras debidamente publicadas.<\/p>\n<p><strong>LEXISLACI\u00d3N APLICABLE E XURISDICI\u00d3N:\u00a0<\/strong>A relaci\u00f3n entre &#8220;Quadralia S.L.&#8221; e o USUARIO rexerase pola normativa espa\u00f1ola vixente e calquera controversia someterase aos Xulgados e tribunais da cidade do Porri\u00f1o \u2013 Pontevedra.<\/p>","protected":false},"excerpt":{"rendered":"<p>CONDICI\u00d3NS XERAIS DE USO: DATOS IDENTIFICATIVOS: En cumprimento co deber de informaci\u00f3n recollido no artigo 10 da Lei 34\/2002, de 11 de xullo, de Servizos da Sociedade da Informaci\u00f3n e do Comercio Electr\u00f3nico, a continuaci\u00f3n refl\u00edctense os seguintes datos: A empresa titular deste &#8220;sitio web corporativo&#8221; \u00e9\u00a0Quadralia S.L., con domicilio en R\u00faa Tranv\u00eda, n\u00ba 1 [&hellip;]<\/p>\n","protected":false},"author":1,"featured_media":0,"parent":0,"menu_order":0,"comment_status":"closed","ping_status":"closed","template":"","meta":{"footnotes":""},"class_list":["post-89","page","type-page","status-publish","hentry"],"_links":{"self":[{"href":"https:\/\/www.trazamare.com\/gl\/wp-json\/wp\/v2\/pages\/89","targetHints":{"allow":["GET"]}}],"collection":[{"href":"https:\/\/www.trazamare.com\/gl\/wp-json\/wp\/v2\/pages"}],"about":[{"href":"https:\/\/www.trazamare.com\/gl\/wp-json\/wp\/v2\/types\/page"}],"author":[{"embeddable":true,"href":"https:\/\/www.trazamare.com\/gl\/wp-json\/wp\/v2\/users\/1"}],"replies":[{"embeddable":true,"href":"https:\/\/www.trazamare.com\/gl\/wp-json\/wp\/v2\/comments?post=89"}],"version-history":[{"count":55,"href":"https:\/\/www.trazamare.com\/gl\/wp-json\/wp\/v2\/pages\/89\/revisions"}],"predecessor-version":[{"id":383,"href":"https:\/\/www.trazamare.com\/gl\/wp-json\/wp\/v2\/pages\/89\/revisions\/383"}],"wp:attachment":[{"href":"https:\/\/www.trazamare.com\/gl\/wp-json\/wp\/v2\/media?parent=89"}],"curies":[{"name":"wp","href":"https:\/\/api.w.org\/{rel}","templated":true}]}}