{"id":250,"date":"2012-03-28T15:40:01","date_gmt":"2012-03-28T15:40:01","guid":{"rendered":"https:\/\/www.trazamare.com\/?page_id=250"},"modified":"2015-07-07T09:22:39","modified_gmt":"2015-07-07T07:22:39","slug":"casos-de-exito-trazabilidad-de-productos-pesqueros","status":"publish","type":"page","link":"https:\/\/www.trazamare.com\/gl\/casos-de-exito-trazabilidad-de-productos-pesqueros\/","title":{"rendered":"Casos de \u00e9xito"},"content":{"rendered":"<p>O sistema TRAZAMARE, adaptado \u00e1s necesidades de cada cliente, foi implantado en varias lonxas ao longo da costa espa\u00f1ola.<\/p>\n<p>Podemos destacar como casos de \u00e9xito:<\/p>\n<p><strong>Besugo de la Pinta<\/strong>. A Confrar\u00eda de Pescadores de Tarifa (C\u00e1diz) implantou un sistema de trazabilidade individual onde cada ollomol capturado nas Aguas do Estreito de Gibraltar \u00e9 identificado de forma individual cunha brida que leva os elementos identificativos da\u00a0marca \u201c<strong>Voraz de Tarifa \u2013 Besugo de la Pinta<\/strong>\u201d, de tal forma que se pode diferenciar o Voraz capturado dentro da \u00e1rea regulada polo Plan de pesca, e que se comercializa en primeira venda \u00fanicamente nas lonxas de Tarifa e Algeciras, de aquel capturado por outras flotas e\/ou f\u00f3ra da \u00e1rea de regulaci\u00f3n. Na web\u00a0<a href=\"http:\/\/www.besugodelapinta.com\/buscador\/\" target=\"_blank\">www.besugodelapinta.com<\/a>\u00a0o consumidor pode consultar a informaci\u00f3n de trazabilidade de cada besugo.<\/p>\n<p style=\"text-align: center;\"><img loading=\"lazy\" decoding=\"async\" class=\"aligncenter  wp-image-328\" alt=\"besugo_de_la_pinta\" src=\"https:\/\/www.trazamare.com\/wp-content\/uploads\/2012\/03\/besugo_de_la_pinta.jpg\" width=\"450\" height=\"145\" srcset=\"https:\/\/www.trazamare.com\/wp-content\/uploads\/2012\/03\/besugo_de_la_pinta.jpg 914w, https:\/\/www.trazamare.com\/wp-content\/uploads\/2012\/03\/besugo_de_la_pinta-300x96.jpg 300w\" sizes=\"auto, (max-width: 450px) 100vw, 450px\" \/><\/p>\n<p><strong>Polbo das R\u00edas<\/strong>. A confrar\u00eda de pescadores \u201cSan Marti\u00f1o\u201d de Bueu implantou un sistema que permite rexistrar onde pesca cada barco, as\u00ed como etiquetar e trazar individualmente todo o polbo extraido polos seus barcos. Na web <a href=\"http:\/\/polbodasrias.com\/\" target=\"_blank\">www.polbodasrias.com<\/a> pode consultarse a informaci\u00f3n de trazabilidade de cada polbo.<\/p>\n<p><img loading=\"lazy\" decoding=\"async\" class=\"aligncenter\" title=\"Polbo das R\u00edas. Pesca artesanal\" alt=\"Polbo das R\u00edas. Pesca artesanal\" src=\"https:\/\/www.trazamare.com\/wp-content\/themes\/trazamare\/images\/LogoPolboDasRias.jpg\" width=\"445\" height=\"227\" \/><\/p>\n<p><strong>Choco de Redondela<\/strong>. A confrar\u00eda de pescadores \u201cSan Juan\u201d de Redondela implantou no ano 2011 un sistema de valorizaci\u00f3n e etiquetado do choco pescado de xeito artesanal na Enseada de San Sim\u00f3n, na r\u00eda de Vigo. Na web <a href=\"http:\/\/www.chocoderedondela.com\/\" target=\"_blank\">www.chocoderedondela.com<\/a> pode consultarse a informaci\u00f3n de trazabilidade de cada choco.<\/p>\n<p><img loading=\"lazy\" decoding=\"async\" class=\"aligncenter\" title=\"Choco de Redondela. Pesca artesanal\" alt=\"Choco de Redondela. Pesca artesanal\" src=\"https:\/\/www.trazamare.com\/wp-content\/themes\/trazamare\/images\/logoChocoRedondela.jpg\" width=\"443\" height=\"277\" \/><\/p>\n<p><strong>Confrar\u00eda de Cedeira<\/strong>. A confrar\u00eda de pescadores de Cedeira implantou no ano 2011 un sistema de valorizaci\u00f3n e etiquetado de todos os peixes e mariscos pescados de xeito artesanal na reserva mari\u00f1a de interese pesqueiro \u201cR\u00eda de Cedeira\u201d. Na web <a href=\"http:\/\/www.confrariacedeira.es\/buscador\/?lang=GL\" target=\"_blank\">www.confrariacedeira.es<\/a> pode consultarse a informaci\u00f3n de trazabilidade de cada unidade pescada nesta reserva mari\u00f1a.<\/p>\n<p><img loading=\"lazy\" decoding=\"async\" class=\"aligncenter\" title=\"Reserva Mari\u00f1a de Interese Pesqueiro R\u00eda de Cedeira. Pesca artesanal\" alt=\"Reserva Mari\u00f1a de Interese Pesqueiro R\u00eda de Cedeira. Pesca artesanal\" src=\"https:\/\/www.trazamare.com\/wp-content\/themes\/trazamare\/images\/LogoCedeira.jpg\" width=\"475\" height=\"212\" \/><\/p>","protected":false},"excerpt":{"rendered":"<p>O sistema TRAZAMARE, adaptado \u00e1s necesidades de cada cliente, foi implantado en varias lonxas ao longo da costa espa\u00f1ola. Podemos destacar como casos de \u00e9xito: Besugo de la Pinta. A Confrar\u00eda de Pescadores de Tarifa (C\u00e1diz) implantou un sistema de trazabilidade individual onde cada ollomol capturado nas Aguas do Estreito de Gibraltar \u00e9 identificado de [&hellip;]<\/p>\n","protected":false},"author":1,"featured_media":0,"parent":0,"menu_order":0,"comment_status":"closed","ping_status":"closed","template":"","meta":{"footnotes":""},"class_list":["post-250","page","type-page","status-publish","hentry"],"_links":{"self":[{"href":"https:\/\/www.trazamare.com\/gl\/wp-json\/wp\/v2\/pages\/250","targetHints":{"allow":["GET"]}}],"collection":[{"href":"https:\/\/www.trazamare.com\/gl\/wp-json\/wp\/v2\/pages"}],"about":[{"href":"https:\/\/www.trazamare.com\/gl\/wp-json\/wp\/v2\/types\/page"}],"author":[{"embeddable":true,"href":"https:\/\/www.trazamare.com\/gl\/wp-json\/wp\/v2\/users\/1"}],"replies":[{"embeddable":true,"href":"https:\/\/www.trazamare.com\/gl\/wp-json\/wp\/v2\/comments?post=250"}],"version-history":[{"count":30,"href":"https:\/\/www.trazamare.com\/gl\/wp-json\/wp\/v2\/pages\/250\/revisions"}],"predecessor-version":[{"id":378,"href":"https:\/\/www.trazamare.com\/gl\/wp-json\/wp\/v2\/pages\/250\/revisions\/378"}],"wp:attachment":[{"href":"https:\/\/www.trazamare.com\/gl\/wp-json\/wp\/v2\/media?parent=250"}],"curies":[{"name":"wp","href":"https:\/\/api.w.org\/{rel}","templated":true}]}}