{"id":248,"date":"2012-03-28T15:39:41","date_gmt":"2012-03-28T15:39:41","guid":{"rendered":"https:\/\/www.trazamare.com\/?page_id=248"},"modified":"2015-07-07T09:23:31","modified_gmt":"2015-07-07T07:23:31","slug":"trazamare-sistema-garantia-trazabilidad-productos-pesqueros","status":"publish","type":"page","link":"https:\/\/www.trazamare.com\/gl\/trazamare-sistema-garantia-trazabilidad-productos-pesqueros\/","title":{"rendered":"\u00bfQue \u00e9?"},"content":{"rendered":"<p><strong>TRAZAMARE<\/strong> \u00e9 un sistema integral para a valorizaci\u00f3n de peces e mariscos provenientes da pesca artesanal, marcando e trazando de forma individual cada unidade que se comercializa. \u00c9, ademais, unha potente ferramenta de mercadotecnia dos peixes e mariscos etiquetados. Con este sistema os produtos pesqueiros quedan identificados baixo unha imaxe ao longo de toda a cadea comercial, favorecendo o seu reco\u00f1ecemento no mercado e creando valor engadido desde orixe. <strong>PROBLEM\u00c1TICA ACTUAL<\/strong> <strong><\/strong>Na actualidade existe fraude na identificaci\u00f3n do peixe e do marisco:<\/p>\n<ul>\n<li>Na s\u00faa procedencia: caladoiros noutros pa\u00edses.<\/li>\n<li>Nas t\u00e9cnicas de pesca empregadas para a s\u00faa captura: non artesanais.<\/li>\n<li>Na especie que realmente se est\u00e1 comercializando.<\/li>\n<\/ul>\n<p><strong>QUE APORTA TRAZAPEIXE?<\/strong><\/p>\n<ul>\n<li><strong>Trazado individual<\/strong> de cada peixe ou marisco dende que sae do mar ata que se consume.<\/li>\n<li>Xeraci\u00f3n de <strong>etiquetas individuais<\/strong> adaptadas a cada especie.<\/li>\n<li><strong>Comprobaci\u00f3n da procedencia<\/strong> do produto. O consumidor final, cada vez que adquire una unidade etiquetada, pode comprobar a s\u00faa procedencia e o resto de caracter\u00edsticas (data de extracci\u00f3n, barco,&#8230;) a trav\u00e9s dunha web desenvolvida para ese fin, mediante dispositivos m\u00f3biles (iPhone, Android, iPad,&#8230;), ou mediante un ordenador. Desta forma gar\u00e1ntese a orixe do produto.<\/li>\n<\/ul>\n<p>\u00a0<\/p>\n<p style=\"text-align: center;\"><img loading=\"lazy\" decoding=\"async\" class=\" aligncenter\" title=\"Trazamare. Esquema completo de funcionamiento\" src=\"https:\/\/www.trazamare.com\/\/wp-content\/themes\/trazamare\/images\/Esquema_completo2.png\" alt=\"Trazamare. Esquema completo de funcionamiento\" width=\"664\" height=\"374\" \/><\/p>\n<p><\/p>","protected":false},"excerpt":{"rendered":"<p>TRAZAMARE \u00e9 un sistema integral para a valorizaci\u00f3n de peces e mariscos provenientes da pesca artesanal, marcando e trazando de forma individual cada unidade que se comercializa. \u00c9, ademais, unha potente ferramenta de mercadotecnia dos peixes e mariscos etiquetados. Con este sistema os produtos pesqueiros quedan identificados baixo unha imaxe ao longo de toda a [&hellip;]<\/p>\n","protected":false},"author":1,"featured_media":0,"parent":0,"menu_order":0,"comment_status":"closed","ping_status":"closed","template":"","meta":{"footnotes":""},"class_list":["post-248","page","type-page","status-publish","hentry"],"_links":{"self":[{"href":"https:\/\/www.trazamare.com\/gl\/wp-json\/wp\/v2\/pages\/248","targetHints":{"allow":["GET"]}}],"collection":[{"href":"https:\/\/www.trazamare.com\/gl\/wp-json\/wp\/v2\/pages"}],"about":[{"href":"https:\/\/www.trazamare.com\/gl\/wp-json\/wp\/v2\/types\/page"}],"author":[{"embeddable":true,"href":"https:\/\/www.trazamare.com\/gl\/wp-json\/wp\/v2\/users\/1"}],"replies":[{"embeddable":true,"href":"https:\/\/www.trazamare.com\/gl\/wp-json\/wp\/v2\/comments?post=248"}],"version-history":[{"count":31,"href":"https:\/\/www.trazamare.com\/gl\/wp-json\/wp\/v2\/pages\/248\/revisions"}],"predecessor-version":[{"id":379,"href":"https:\/\/www.trazamare.com\/gl\/wp-json\/wp\/v2\/pages\/248\/revisions\/379"}],"wp:attachment":[{"href":"https:\/\/www.trazamare.com\/gl\/wp-json\/wp\/v2\/media?parent=248"}],"curies":[{"name":"wp","href":"https:\/\/api.w.org\/{rel}","templated":true}]}}