{"id":252,"date":"2012-03-28T15:41:19","date_gmt":"2012-03-28T15:41:19","guid":{"rendered":"https:\/\/www.trazamare.com\/?page_id=252"},"modified":"2015-07-07T09:23:10","modified_gmt":"2015-07-07T07:23:10","slug":"contacto","status":"publish","type":"page","link":"https:\/\/www.trazamare.com\/fr\/contacto\/","title":{"rendered":"Contacte"},"content":{"rendered":"<p>Pour prendre contact avec nous:<\/p>\n<ul>\n<li>T\u00e9l\u00e9phone (+34) 986 13 43 76<\/li>\n<li>Fax (+34) 986 13 80 50<\/li>\n<li>Mail: info@quadralia.com<\/li>\n<li>Adresse<br \/>\n<blockquote><p>Calle Tranv\u00eda, 1. 1\u00aa Planta<br \/>\n36400 &#8211; O Porri\u00f1o<\/p><\/blockquote>\n<\/li>\n<\/ul>\n<p>Coordonn\u00e9es<\/p>\n<blockquote><p>Latitude : 42\u00b0 9&rsquo;32.57&Prime; N (42.159047)<br \/>\nLongitude: 8\u00b037&rsquo;0&Prime; W (-8.616667)<\/p><\/blockquote>\n<p><iframe loading=\"lazy\" src=\"http:\/\/maps.google.es\/maps?hl=es&#038;georestrict=input_srcid:9f96848091d258c2&#038;ie=UTF8&#038;view=map&#038;cid=8197479545983155906&#038;q=Quadralia+S.L.&#038;ved=0CBwQpQY&#038;ei=GyTZTOPDK5L-jAes5LkC&#038;hq=Quadralia+S.L.&#038;hnear=&#038;ll=42.159053,-8.616714&#038;spn=0.006295,0.006295&#038;iwloc=A&#038;output=embed\" width=\"710\" height=\"585\" frameborder=\"0\" marginwidth=\"0\" marginheight=\"0\" scrolling=\"no\"><\/iframe><br \/>\n<small><a style=\"color: #0000ff; text-align: left;\" href=\"http:\/\/maps.google.es\/maps?hl=es&#038;georestrict=input_srcid:9f96848091d258c2&#038;ie=UTF8&#038;view=map&#038;cid=8197479545983155906&#038;q=Quadralia+S.L.&#038;ved=0CBwQpQY&#038;ei=GyTZTOPDK5L-jAes5LkC&#038;hq=Quadralia+S.L.&#038;hnear=&#038;ll=42.159053,-8.616714&#038;spn=0.006295,0.006295&#038;iwloc=A&#038;source=embed\">Agrandir la carte<\/a><\/small><\/p>","protected":false},"excerpt":{"rendered":"<p>Pour prendre contact avec nous: T\u00e9l\u00e9phone (+34) 986 13 43 76 Fax (+34) 986 13 80 50 Mail: info@quadralia.com Adresse Calle Tranv\u00eda, 1. 1\u00aa Planta 36400 &#8211; O Porri\u00f1o Coordonn\u00e9es Latitude : 42\u00b0 9&rsquo;32.57&Prime; N (42.159047) Longitude: 8\u00b037&rsquo;0&Prime; W (-8.616667) Agrandir la carte<\/p>\n","protected":false},"author":1,"featured_media":0,"parent":0,"menu_order":0,"comment_status":"closed","ping_status":"closed","template":"","meta":{"footnotes":""},"class_list":["post-252","page","type-page","status-publish","hentry"],"_links":{"self":[{"href":"https:\/\/www.trazamare.com\/fr\/wp-json\/wp\/v2\/pages\/252","targetHints":{"allow":["GET"]}}],"collection":[{"href":"https:\/\/www.trazamare.com\/fr\/wp-json\/wp\/v2\/pages"}],"about":[{"href":"https:\/\/www.trazamare.com\/fr\/wp-json\/wp\/v2\/types\/page"}],"author":[{"embeddable":true,"href":"https:\/\/www.trazamare.com\/fr\/wp-json\/wp\/v2\/users\/1"}],"replies":[{"embeddable":true,"href":"https:\/\/www.trazamare.com\/fr\/wp-json\/wp\/v2\/comments?post=252"}],"version-history":[{"count":13,"href":"https:\/\/www.trazamare.com\/fr\/wp-json\/wp\/v2\/pages\/252\/revisions"}],"predecessor-version":[{"id":384,"href":"https:\/\/www.trazamare.com\/fr\/wp-json\/wp\/v2\/pages\/252\/revisions\/384"}],"wp:attachment":[{"href":"https:\/\/www.trazamare.com\/fr\/wp-json\/wp\/v2\/media?parent=252"}],"curies":[{"name":"wp","href":"https:\/\/api.w.org\/{rel}","templated":true}]}}