{"id":248,"date":"2012-03-28T15:39:41","date_gmt":"2012-03-28T15:39:41","guid":{"rendered":"https:\/\/www.trazamare.com\/?page_id=248"},"modified":"2015-07-07T09:23:31","modified_gmt":"2015-07-07T07:23:31","slug":"trazamare-sistema-garantia-trazabilidad-productos-pesqueros","status":"publish","type":"page","link":"https:\/\/www.trazamare.com\/fr\/trazamare-sistema-garantia-trazabilidad-productos-pesqueros\/","title":{"rendered":"Services"},"content":{"rendered":"<p><strong>TRAZAMARE<\/strong> est un syst\u00e8me valorisant les poissons et les fruits de mer provenants de la p\u00eache traditionelle, en marquant et en tra\u00e7ant sous forme individuelle chaque produits.<br \/>\nC&rsquo;est de plus un outil marketing puissant. En effet, Gr\u00e2ce \u00e0 ce syst\u00e8me les produits de p\u00eache restent identifi\u00e9s sous une image tout le long de la cha\u00eene commerciale. Cela favorise sa visibilit\u00e9, sa reconnaissance sur le march\u00e9, cr\u00e9ant une valeur ajout\u00e9e du moment de p\u00eache jusqu\u00b4\u00e0 la vente aux consomateurs.<\/p>\n<p><strong>LES PROBL\u00c8MES ACTUELLES DE LA P\u00caCHE<\/strong><br \/>\nIl existe actuellement de nombreuses fraudes dans l&rsquo;identification des poissons et des fruits de mer.<\/p>\n<ul>\n<li>Dans sa provenance : Des lieux de p\u00eache interdit ou autres pays.<\/li>\n<li>Dans les techniques de p\u00eache employ\u00e9es pour sa capture : non traditionnelle.<\/li>\n<li>Dans l&rsquo;esp\u00e8ce qui est r\u00e9ellement commercialis\u00e9e.<\/li>\n<\/ul>\n<p><strong>QU&rsquo;EST-CE QU\u00b4APPORTE TRAZAMARE ?<\/strong><\/p>\n<ul>\n<li>Un <strong>trac\u00e9 individuel<\/strong> de chaque poissons ou coquillages de puis le moment de p\u00eache jusqu\u00b4au consomateur final.<\/li>\n<li>Des <strong>\u00e9tiquettes individuelles<\/strong> adapt\u00e9es \u00e0 chaque esp\u00e8ces.<\/li>\n<li>Une <strong>v\u00e9rification de la provenance<\/strong> du produit. Le consomateur a \u00e0 sa disposition un moyen efficace de v\u00e9rification sur la provenance, ainsi que le reste des caract\u00e9ristiques (bateau, date de p\u00eache etc) concernant le produit achet\u00e9 \u00e0 travers un site web et des applications mobiles (iPhone Android, iPad)<br \/>\nTRAZAMARE apporte finalement une garantie sur l\u00b4origine du produit.<\/li>\n<\/ul>\n<p style=\"text-align: center;\"><img loading=\"lazy\" decoding=\"async\" class=\" aligncenter\" title=\"Trazamare. Esquema completo de funcionamiento\" src=\"https:\/\/www.trazamare.com\/\/wp-content\/themes\/trazamare\/images\/Esquema_completo2.png\" alt=\"Trazamare. Esquema completo de funcionamiento\" width=\"664\" height=\"374\" \/><\/p>\n<p><\/p>","protected":false},"excerpt":{"rendered":"<p>TRAZAMARE est un syst\u00e8me valorisant les poissons et les fruits de mer provenants de la p\u00eache traditionelle, en marquant et en tra\u00e7ant sous forme individuelle chaque produits. C&rsquo;est de plus un outil marketing puissant. En effet, Gr\u00e2ce \u00e0 ce syst\u00e8me les produits de p\u00eache restent identifi\u00e9s sous une image tout le long de la cha\u00eene [&hellip;]<\/p>\n","protected":false},"author":1,"featured_media":0,"parent":0,"menu_order":0,"comment_status":"closed","ping_status":"closed","template":"","meta":{"footnotes":""},"class_list":["post-248","page","type-page","status-publish","hentry"],"_links":{"self":[{"href":"https:\/\/www.trazamare.com\/fr\/wp-json\/wp\/v2\/pages\/248","targetHints":{"allow":["GET"]}}],"collection":[{"href":"https:\/\/www.trazamare.com\/fr\/wp-json\/wp\/v2\/pages"}],"about":[{"href":"https:\/\/www.trazamare.com\/fr\/wp-json\/wp\/v2\/types\/page"}],"author":[{"embeddable":true,"href":"https:\/\/www.trazamare.com\/fr\/wp-json\/wp\/v2\/users\/1"}],"replies":[{"embeddable":true,"href":"https:\/\/www.trazamare.com\/fr\/wp-json\/wp\/v2\/comments?post=248"}],"version-history":[{"count":31,"href":"https:\/\/www.trazamare.com\/fr\/wp-json\/wp\/v2\/pages\/248\/revisions"}],"predecessor-version":[{"id":379,"href":"https:\/\/www.trazamare.com\/fr\/wp-json\/wp\/v2\/pages\/248\/revisions\/379"}],"wp:attachment":[{"href":"https:\/\/www.trazamare.com\/fr\/wp-json\/wp\/v2\/media?parent=248"}],"curies":[{"name":"wp","href":"https:\/\/api.w.org\/{rel}","templated":true}]}}