{"id":250,"date":"2012-03-28T15:40:01","date_gmt":"2012-03-28T15:40:01","guid":{"rendered":"https:\/\/www.trazamare.com\/?page_id=250"},"modified":"2015-07-07T09:22:39","modified_gmt":"2015-07-07T07:22:39","slug":"casos-de-exito-trazabilidad-de-productos-pesqueros","status":"publish","type":"page","link":"https:\/\/www.trazamare.com\/en\/casos-de-exito-trazabilidad-de-productos-pesqueros\/","title":{"rendered":"Success stories"},"content":{"rendered":"<p class=\"qtranxs-available-languages-message qtranxs-available-languages-message-en\">Sorry, this entry is only available in <a href=\"https:\/\/www.trazamare.com\/ca\/wp-json\/wp\/v2\/pages\/250\" class=\"qtranxs-available-language-link qtranxs-available-language-link-ca\" title=\"Catal\u00e0\">Catal\u00e0<\/a>, <a href=\"https:\/\/www.trazamare.com\/gl\/wp-json\/wp\/v2\/pages\/250\" class=\"qtranxs-available-language-link qtranxs-available-language-link-gl\" title=\"Galego\">Galego<\/a>, <a href=\"https:\/\/www.trazamare.com\/es\/wp-json\/wp\/v2\/pages\/250\" class=\"qtranxs-available-language-link qtranxs-available-language-link-es\" title=\"Espa\u00f1ol\">Espa\u00f1ol<\/a> and <a href=\"https:\/\/www.trazamare.com\/fr\/wp-json\/wp\/v2\/pages\/250\" class=\"qtranxs-available-language-link qtranxs-available-language-link-fr\" title=\"Fran\u00e7ais\">Fran\u00e7ais<\/a>.<\/p>","protected":false},"excerpt":{"rendered":"<p>Sorry, this entry is only available in Catal\u00e0, Galego, Espa\u00f1ol and Fran\u00e7ais.<\/p>\n","protected":false},"author":1,"featured_media":0,"parent":0,"menu_order":0,"comment_status":"closed","ping_status":"closed","template":"","meta":{"footnotes":""},"class_list":["post-250","page","type-page","status-publish","hentry"],"_links":{"self":[{"href":"https:\/\/www.trazamare.com\/en\/wp-json\/wp\/v2\/pages\/250","targetHints":{"allow":["GET"]}}],"collection":[{"href":"https:\/\/www.trazamare.com\/en\/wp-json\/wp\/v2\/pages"}],"about":[{"href":"https:\/\/www.trazamare.com\/en\/wp-json\/wp\/v2\/types\/page"}],"author":[{"embeddable":true,"href":"https:\/\/www.trazamare.com\/en\/wp-json\/wp\/v2\/users\/1"}],"replies":[{"embeddable":true,"href":"https:\/\/www.trazamare.com\/en\/wp-json\/wp\/v2\/comments?post=250"}],"version-history":[{"count":30,"href":"https:\/\/www.trazamare.com\/en\/wp-json\/wp\/v2\/pages\/250\/revisions"}],"predecessor-version":[{"id":378,"href":"https:\/\/www.trazamare.com\/en\/wp-json\/wp\/v2\/pages\/250\/revisions\/378"}],"wp:attachment":[{"href":"https:\/\/www.trazamare.com\/en\/wp-json\/wp\/v2\/media?parent=250"}],"curies":[{"name":"wp","href":"https:\/\/api.w.org\/{rel}","templated":true}]}}