{"id":250,"date":"2012-03-28T15:40:01","date_gmt":"2012-03-28T15:40:01","guid":{"rendered":"https:\/\/www.trazamare.com\/?page_id=250"},"modified":"2015-07-07T09:22:39","modified_gmt":"2015-07-07T07:22:39","slug":"casos-de-exito-trazabilidad-de-productos-pesqueros","status":"publish","type":"page","link":"https:\/\/www.trazamare.com\/ca\/casos-de-exito-trazabilidad-de-productos-pesqueros\/","title":{"rendered":"Casos d&#8217;\u00e8xit"},"content":{"rendered":"<p>El sistema TRAZAMARE, adaptat a les necessitats de cada client, ha estat implantat amb \u00e8xit en diverses llotges:<\/p>\n<p><strong style=\"line-height: 1.5em;\">Besugo de la Pinta<\/strong><span style=\"line-height: 1.5em;\">. La Confraria de Pescadors de Tarifa (C\u00e1diz) va implantar un sistema de t<\/span><span style=\"line-height: 1.5em;\">ra\u00e7abilitat\u00a0<\/span><span style=\"line-height: 1.5em;\">individual on cada besuc capturat en les Aig\u00fces de l&#8217;Estret de Gibraltar \u00e9s identificat de forma individual amb una brida que porta els elements identificatius de la marca <\/span><span style=\"line-height: 1.5em;\">\u201c<\/span><strong style=\"line-height: 1.5em;\">Voraz de Tarifa \u2013 Besugo de la Pinta<\/strong><span style=\"line-height: 1.5em;\">\u201d<\/span><span style=\"line-height: 1.5em;\">, de tal forma que es pot diferenciar el Vora\u00e7 capturat dins de l&#8217;\u00e0rea regulada pel Pla de pesca, i que es comercialitza en primera venda \u00fanicament en les llotges de Tarifa i <\/span><span style=\"line-height: 1.5em;\">Algeciras<\/span><span style=\"line-height: 1.5em;\">, d&#8217;aquell capturat per altres flotes i\/o fora de l&#8217;\u00e0rea de regulaci\u00f3. A la web <\/span><a style=\"line-height: 1.5em;\" href=\"http:\/\/www.besugodelapinta.com\/buscador\/\" target=\"_blank\">www.besugodelapinta.com<\/a><span style=\"line-height: 1.5em;\">\u00a0el consumidor pot consultar la informaci\u00f3 de <\/span><span style=\"line-height: 1.5em;\">tra\u00e7abilitat\u00a0<\/span><span style=\"line-height: 1.5em;\">de cada besuc.<\/span><\/p>\n<p style=\"text-align: center;\"><img loading=\"lazy\" decoding=\"async\" class=\"aligncenter  wp-image-328\" alt=\"besugo_de_la_pinta\" src=\"https:\/\/www.trazamare.com\/wp-content\/uploads\/2012\/03\/besugo_de_la_pinta.jpg\" width=\"450\" height=\"145\" srcset=\"https:\/\/www.trazamare.com\/wp-content\/uploads\/2012\/03\/besugo_de_la_pinta.jpg 914w, https:\/\/www.trazamare.com\/wp-content\/uploads\/2012\/03\/besugo_de_la_pinta-300x96.jpg 300w\" sizes=\"auto, (max-width: 450px) 100vw, 450px\" \/><\/p>\n<p><strong>Polbo das R\u00edas<\/strong>. La confraria de pescadors &#8220;Sant Marti\u00f1o&#8221; de Bueu (Pontevedra) va implantar un sistema que permet registrar el lloc on pesca cada vaixell, aix\u00ed com etiquetar i tra\u00e7ar individualment tot el polp (polbo en gallec) capturat pels seus vaixells. A la web <a href=\"http:\/\/polbodasrias.com\/\" target=\"_blank\">www.polbodasrias.com<\/a> el consumidor pot consultar la informaci\u00f3 de tra\u00e7at\u00a0de cada polp.<\/p>\n<p><img loading=\"lazy\" decoding=\"async\" class=\"aligncenter\" title=\"Polbo das R\u00edas. Pesca artesanal\" alt=\"Polbo das R\u00edas. Pesca artesanal\" src=\"https:\/\/www.trazamare.com\/wp-content\/themes\/trazamare\/images\/LogoPolboDasRias.jpg\" width=\"445\" height=\"227\" \/><\/p>\n<p><strong>Choco de Redondela. <\/strong>La confraria de pescadors &#8220;Sant Joan&#8221; de Redondela (Pontevedra) va implantar l&#8217;any 2011 un sistema de valoritzaci\u00f3 i etiquetatge del s\u00e8pia\u00a0peix de forma artesanal en l&#8217;Ancorada de Sant Sim\u00f3n, en la Ria de Vigo (Pontevedra). A la web <a href=\"http:\/\/www.chocoderedondela.com\/\" target=\"_blank\">www.chocoderedondela.com<\/a> el consumidor pot consultar la informaci\u00f3 de tra\u00e7at\u00a0de cada s\u00e8pia.<\/p>\n<p><img loading=\"lazy\" decoding=\"async\" class=\"aligncenter\" title=\"Choco de Redondela. Pesca artesanal\" alt=\"Choco de Redondela. Pesca artesanal\" src=\"https:\/\/www.trazamare.com\/wp-content\/themes\/trazamare\/images\/logoChocoRedondela.jpg\" width=\"443\" height=\"277\" \/><\/p>\n<p><strong>Confrar\u00eda de Cedeira. <\/strong>La confraria de pescadors de Cedeira (A Coru\u00f1a) va implantar l&#8217;any 2011 un sistema de valoritzaci\u00f3 i etiquetatge de tots els peixos i mariscs capturats de forma artesanal en la Reserva Marina d&#8217;inter\u00e8s pesquer &#8220;Ria de Cedeira&#8221;. A la web <a href=\"http:\/\/www.confrariacedeira.es\/buscador\/?lang=es\" target=\"_blank\">www.confrariacedeira.es<\/a> el consumidor pot consultar la informaci\u00f3 de tra\u00e7at de cada unitat pescada en aquesta reserva marina.<\/p>\n<p><img loading=\"lazy\" decoding=\"async\" class=\"aligncenter\" title=\"Reserva Mari\u00f1a de Interese Pesqueiro R\u00eda de Cedeira. Pesca artesanal\" alt=\"Reserva Mari\u00f1a de Interese Pesqueiro R\u00eda de Cedeira. Pesca artesanal\" src=\"https:\/\/www.trazamare.com\/wp-content\/themes\/trazamare\/images\/LogoCedeira.jpg\" width=\"475\" height=\"212\" \/><\/p>","protected":false},"excerpt":{"rendered":"<p>El sistema TRAZAMARE, adaptat a les necessitats de cada client, ha estat implantat amb \u00e8xit en diverses llotges: Besugo de la Pinta. La Confraria de Pescadors de Tarifa (C\u00e1diz) va implantar un sistema de tra\u00e7abilitat\u00a0individual on cada besuc capturat en les Aig\u00fces de l&#8217;Estret de Gibraltar \u00e9s identificat de forma individual amb una brida que [&hellip;]<\/p>\n","protected":false},"author":1,"featured_media":0,"parent":0,"menu_order":0,"comment_status":"closed","ping_status":"closed","template":"","meta":{"footnotes":""},"class_list":["post-250","page","type-page","status-publish","hentry"],"_links":{"self":[{"href":"https:\/\/www.trazamare.com\/ca\/wp-json\/wp\/v2\/pages\/250","targetHints":{"allow":["GET"]}}],"collection":[{"href":"https:\/\/www.trazamare.com\/ca\/wp-json\/wp\/v2\/pages"}],"about":[{"href":"https:\/\/www.trazamare.com\/ca\/wp-json\/wp\/v2\/types\/page"}],"author":[{"embeddable":true,"href":"https:\/\/www.trazamare.com\/ca\/wp-json\/wp\/v2\/users\/1"}],"replies":[{"embeddable":true,"href":"https:\/\/www.trazamare.com\/ca\/wp-json\/wp\/v2\/comments?post=250"}],"version-history":[{"count":30,"href":"https:\/\/www.trazamare.com\/ca\/wp-json\/wp\/v2\/pages\/250\/revisions"}],"predecessor-version":[{"id":378,"href":"https:\/\/www.trazamare.com\/ca\/wp-json\/wp\/v2\/pages\/250\/revisions\/378"}],"wp:attachment":[{"href":"https:\/\/www.trazamare.com\/ca\/wp-json\/wp\/v2\/media?parent=250"}],"curies":[{"name":"wp","href":"https:\/\/api.w.org\/{rel}","templated":true}]}}